{"id":3174,"date":"2025-09-17T08:49:09","date_gmt":"2025-09-17T08:49:09","guid":{"rendered":"http:\/\/shdbf.fr\/?page_id=3174"},"modified":"2025-09-17T08:50:35","modified_gmt":"2025-09-17T08:50:35","slug":"devenir-membre","status":"publish","type":"page","link":"https:\/\/www.shdbf.fr\/index.php\/devenir-membre\/","title":{"rendered":"Devenir membre"},"content":{"rendered":"\n<p>La Soci\u00e9t\u00e9 d\u2019Histoire et de Documentation Baptistes de France (SHDBF) vit et se d\u00e9veloppe gr\u00e2ce \u00e0 l\u2019engagement de ses membres. <\/p>\n\n\n\n<p>Toute personne int\u00e9ress\u00e9e par l\u2019histoire, la m\u00e9moire et le patrimoine baptistes peut en devenir membre. <\/p>\n\n\n\n<p>Cette adh\u00e9sion manifeste un soutien concret au travail de recherche, de conservation et de diffusion men\u00e9 par l\u2019association : collecte et valorisation d\u2019archives, publications, conf\u00e9rences, expositions et projets p\u00e9dagogiques. <\/p>\n\n\n\n<p>Les membres re\u00e7oivent les informations de la SHDBF, sont invit\u00e9s \u00e0 ses rencontres et contribuent, par leur pr\u00e9sence et leur cotisation, \u00e0 faire vivre ce travail de transmission. <\/p>\n\n\n\n<p><strong>La cotisation annuelle est de 15 \u20ac<\/strong>, permettant ainsi de soutenir durablement ces actions. <\/p>\n\n\n\n<p>Pour devenir membre ou pour toute information compl\u00e9mentaire, il suffit de nous \u00e9crire via le <a href=\"http:\/\/shdbf.fr\/index.php\/nous-contacter\/\">formulaire de contact<\/a> ou par courriel afin que nous puissions vous adresser les modalit\u00e9s d\u2019adh\u00e9sion.<\/p>\n","protected":false},"excerpt":{"rendered":"<p>La Soci\u00e9t\u00e9 d\u2019Histoire et de Documentation Baptistes de France (SHDBF) vit et se d\u00e9veloppe gr\u00e2ce \u00e0 l\u2019engagement de ses membres. Toute personne int\u00e9ress\u00e9e par l\u2019histoire, la m\u00e9moire et le patrimoine baptistes peut en devenir membre. Cette adh\u00e9sion manifeste un soutien concret au travail de recherche, de conservation et de diffusion men\u00e9 par l\u2019association : collecte [&hellip;]<\/p>\n","protected":false},"author":1,"featured_media":0,"parent":0,"menu_order":0,"comment_status":"closed","ping_status":"closed","template":"","meta":{"footnotes":""},"class_list":["post-3174","page","type-page","status-publish","hentry"],"_links":{"self":[{"href":"https:\/\/www.shdbf.fr\/index.php\/wp-json\/wp\/v2\/pages\/3174","targetHints":{"allow":["GET"]}}],"collection":[{"href":"https:\/\/www.shdbf.fr\/index.php\/wp-json\/wp\/v2\/pages"}],"about":[{"href":"https:\/\/www.shdbf.fr\/index.php\/wp-json\/wp\/v2\/types\/page"}],"author":[{"embeddable":true,"href":"https:\/\/www.shdbf.fr\/index.php\/wp-json\/wp\/v2\/users\/1"}],"replies":[{"embeddable":true,"href":"https:\/\/www.shdbf.fr\/index.php\/wp-json\/wp\/v2\/comments?post=3174"}],"version-history":[{"count":2,"href":"https:\/\/www.shdbf.fr\/index.php\/wp-json\/wp\/v2\/pages\/3174\/revisions"}],"predecessor-version":[{"id":3177,"href":"https:\/\/www.shdbf.fr\/index.php\/wp-json\/wp\/v2\/pages\/3174\/revisions\/3177"}],"wp:attachment":[{"href":"https:\/\/www.shdbf.fr\/index.php\/wp-json\/wp\/v2\/media?parent=3174"}],"curies":[{"name":"wp","href":"https:\/\/api.w.org\/{rel}","templated":true}]}}