{"id":3164,"date":"2025-09-17T08:19:22","date_gmt":"2025-09-17T08:19:22","guid":{"rendered":"http:\/\/shdbf.fr\/?page_id=3164"},"modified":"2025-09-17T08:45:10","modified_gmt":"2025-09-17T08:45:10","slug":"les-conferences","status":"publish","type":"page","link":"https:\/\/www.shdbf.fr\/index.php\/les-conferences\/","title":{"rendered":"Les conf\u00e9rences"},"content":{"rendered":"\n<p>Notre association organise r\u00e9guli\u00e8rement des&nbsp;<strong>conf\u00e9rences<\/strong>&nbsp;destin\u00e9es \u00e0 faire conna\u00eetre et approfondir l\u2019histoire et l\u2019actualit\u00e9 du baptisme. <\/p>\n\n\n\n<p>Ces rencontres donnent la parole \u00e0 des chercheurs, des t\u00e9moins et des acteurs de terrain sur des th\u00e8mes vari\u00e9s et souvent in\u00e9dits. Certaines conf\u00e9rences sont enregistr\u00e9es et mises en ligne afin de permettre \u00e0 un public plus large d\u2019en b\u00e9n\u00e9ficier. <\/p>\n\n\n\n<p>Vous pouvez d\u00e8s \u00e0 pr\u00e9sent retrouver ces contenus sur notre cha\u00eene YouTube, et d\u2019autres viendront r\u00e9guli\u00e8rement enrichir cet espace de ressources.<\/p>\n\n\n\n<p><a href=\"https:\/\/www.youtube.com\/@HistoireBaptiste\">Page YouTube @HistoireBaptiste<\/a><\/p>\n\n\n\n<p><\/p>\n\n\n\n<p><strong>Replay de la derni\u00e8re conf\u00e9rence :<\/strong><\/p>\n\n\n\n<figure class=\"wp-block-embed is-type-video is-provider-youtube wp-block-embed-youtube wp-embed-aspect-16-9 wp-has-aspect-ratio\"><div class=\"wp-block-embed__wrapper\">\n<iframe loading=\"lazy\" title=\"CONF\u00c9RENCE : La mission \u00e9vang\u00e9lique bretonne et son \u0153uvre \u00e0 Tr\u00e9mel (1884-1960)\" width=\"500\" height=\"281\" src=\"https:\/\/www.youtube.com\/embed\/w2GuZG3zdj0?feature=oembed\" frameborder=\"0\" allow=\"accelerometer; autoplay; clipboard-write; encrypted-media; gyroscope; picture-in-picture; web-share\" referrerpolicy=\"strict-origin-when-cross-origin\" allowfullscreen><\/iframe>\n<\/div><\/figure>\n","protected":false},"excerpt":{"rendered":"<p>Notre association organise r\u00e9guli\u00e8rement des&nbsp;conf\u00e9rences&nbsp;destin\u00e9es \u00e0 faire conna\u00eetre et approfondir l\u2019histoire et l\u2019actualit\u00e9 du baptisme. Ces rencontres donnent la parole \u00e0 des chercheurs, des t\u00e9moins et des acteurs de terrain sur des th\u00e8mes vari\u00e9s et souvent in\u00e9dits. Certaines conf\u00e9rences sont enregistr\u00e9es et mises en ligne afin de permettre \u00e0 un public plus large d\u2019en b\u00e9n\u00e9ficier. [&hellip;]<\/p>\n","protected":false},"author":1,"featured_media":0,"parent":0,"menu_order":0,"comment_status":"closed","ping_status":"closed","template":"","meta":{"footnotes":""},"class_list":["post-3164","page","type-page","status-publish","hentry"],"_links":{"self":[{"href":"https:\/\/www.shdbf.fr\/index.php\/wp-json\/wp\/v2\/pages\/3164","targetHints":{"allow":["GET"]}}],"collection":[{"href":"https:\/\/www.shdbf.fr\/index.php\/wp-json\/wp\/v2\/pages"}],"about":[{"href":"https:\/\/www.shdbf.fr\/index.php\/wp-json\/wp\/v2\/types\/page"}],"author":[{"embeddable":true,"href":"https:\/\/www.shdbf.fr\/index.php\/wp-json\/wp\/v2\/users\/1"}],"replies":[{"embeddable":true,"href":"https:\/\/www.shdbf.fr\/index.php\/wp-json\/wp\/v2\/comments?post=3164"}],"version-history":[{"count":3,"href":"https:\/\/www.shdbf.fr\/index.php\/wp-json\/wp\/v2\/pages\/3164\/revisions"}],"predecessor-version":[{"id":3173,"href":"https:\/\/www.shdbf.fr\/index.php\/wp-json\/wp\/v2\/pages\/3164\/revisions\/3173"}],"wp:attachment":[{"href":"https:\/\/www.shdbf.fr\/index.php\/wp-json\/wp\/v2\/media?parent=3164"}],"curies":[{"name":"wp","href":"https:\/\/api.w.org\/{rel}","templated":true}]}}